{"id":3465,"date":"2017-08-17T23:31:14","date_gmt":"2017-08-17T21:31:14","guid":{"rendered":"http:\/\/serwer1357583.home.pl\/home\/platne\/serwer21708\/public_html\/lososiowa\/?page_id=3465"},"modified":"2018-03-05T23:44:20","modified_gmt":"2018-03-05T22:44:20","slug":"kontakt","status":"publish","type":"page","link":"https:\/\/lososiowa3.pl\/index.php\/kontakt\/","title":{"rendered":"Kontakt"},"content":{"rendered":"<p>[et_pb_section fb_built=&#8221;1&#8243; fullwidth=&#8221;on&#8221; _builder_version=&#8221;3.0.105&#8243; global_module=&#8221;3826&#8243;][et_pb_fullwidth_slider _builder_version=&#8221;3.0.105&#8243; header_font=&#8221;||||||||&#8221; header_font_size=&#8221;60px&#8221; animation_style=&#8221;fade&#8221; auto=&#8221;on&#8221; auto_ignore_hover=&#8221;on&#8221;][et_pb_slide heading=&#8221;Domki w pachn\u0105cym sosnowym lesie&#8221; _builder_version=&#8221;3.0.105&#8243; header_font=&#8221;||||||||&#8221; background_image=&#8221;http:\/\/serwer1357583.home.pl\/home\/platne\/serwer21708\/public_html\/lososiowa\/wp-content\/uploads\/2018\/02\/7.jpg&#8221;][\/et_pb_slide][et_pb_slide heading=&#8221;Przytulne pokoje dla wszystkich&#8221; _builder_version=&#8221;3.0.105&#8243; header_font=&#8221;||||||||&#8221; background_image=&#8221;http:\/\/serwer1357583.home.pl\/home\/platne\/serwer21708\/public_html\/lososiowa\/wp-content\/uploads\/2018\/02\/2.jpg&#8221;][\/et_pb_slide][et_pb_slide heading=&#8221;Wy\u017cywienie we w\u0142asnych sto\u0142\u00f3wkach&#8221; _builder_version=&#8221;3.0.105&#8243; header_font=&#8221;||||||||&#8221; background_image=&#8221;http:\/\/serwer1357583.home.pl\/home\/platne\/serwer21708\/public_html\/lososiowa\/wp-content\/uploads\/2018\/02\/s23.jpg&#8221;][\/et_pb_slide][et_pb_slide heading=&#8221;Wy\u017cywienie we w\u0142asnych sto\u0142\u00f3wkach&#8221; _builder_version=&#8221;3.0.105&#8243; header_font=&#8221;||||||||&#8221; background_image=&#8221;http:\/\/serwer1357583.home.pl\/home\/platne\/serwer21708\/public_html\/lososiowa\/wp-content\/uploads\/2018\/02\/9.jpg&#8221;][\/et_pb_slide][et_pb_slide heading=&#8221;K\u0105piel w basenie&#8221; _builder_version=&#8221;3.0.105&#8243; header_font=&#8221;||||||||&#8221; background_image=&#8221;http:\/\/serwer1357583.home.pl\/home\/platne\/serwer21708\/public_html\/lososiowa\/wp-content\/uploads\/2018\/02\/10.jpg&#8221;][\/et_pb_slide][\/et_pb_fullwidth_slider][\/et_pb_section][et_pb_section fb_built=&#8221;1&#8243; _builder_version=&#8221;3.0.90&#8243; custom_padding=&#8221;0px|0px|54px|0px&#8221;][et_pb_row custom_padding=&#8221;27px|0px|60px|0px&#8221; _builder_version=&#8221;3.0.90&#8243;][et_pb_column type=&#8221;4_4&#8243; _builder_version=&#8221;3.0.47&#8243; parallax=&#8221;off&#8221; parallax_method=&#8221;on&#8221;][et_pb_text _builder_version=&#8221;3.0.105&#8243;]<\/p>\n<p>&nbsp;<\/p>\n<p><img loading=\"lazy\" decoding=\"async\" src=\"http:\/\/serwer1357583.home.pl\/home\/platne\/serwer21708\/public_html\/lososiowa\/wp-content\/uploads\/2018\/03\/lok-1.png\" width=\"52\" height=\"52\" alt=\"\" class=\"wp-image-4081 aligncenter size-full\" srcset=\"https:\/\/lososiowa3.pl\/wp-content\/uploads\/2018\/03\/lok-1.png 454w, https:\/\/lososiowa3.pl\/wp-content\/uploads\/2018\/03\/lok-1-150x150.png 150w, https:\/\/lososiowa3.pl\/wp-content\/uploads\/2018\/03\/lok-1-300x300.png 300w\" sizes=\"(max-width: 52px) 100vw, 52px\" \/><\/p>\n<h5 style=\"text-align: center;\">O\u015brodek Wczasowo &#8211; Kolonijny<\/h5>\n<h3 style=\"text-align: center;\">BARKA<\/h3>\n<p style=\"text-align: center;\">Stefan Kwiatkowski<\/p>\n<p style=\"text-align: center;\">ul. Ba\u0142tycka 67, 76-107 Jaros\u0142awiec<\/p>\n<p style=\"text-align: center;\">tel. <strong>600 433 614<\/strong><\/p>\n<p>[\/et_pb_text][\/et_pb_column][\/et_pb_row][et_pb_row custom_padding=&#8221;0px|0px|27px|0px&#8221; _builder_version=&#8221;3.0.90&#8243;][et_pb_column type=&#8221;4_4&#8243; _builder_version=&#8221;3.0.47&#8243; parallax=&#8221;off&#8221; parallax_method=&#8221;on&#8221;][et_pb_text _builder_version=&#8221;3.0.90&#8243;]<\/p>\n<h2 style=\"text-align: center;\">Formularz kontaktowy<\/h2>\n<p>[\/et_pb_text][et_pb_contact_form module_id=&#8221;et_pb_contact_form_1&#8243; _builder_version=&#8221;3.0.90&#8243;][et_pb_contact_field field_id=&#8221;Name&#8221; field_title=&#8221;Imi\u0119 i nazwisko&#8221; _builder_version=&#8221;3.0.90&#8243; border_radii=&#8221;on||||&#8221;][\/et_pb_contact_field][et_pb_contact_field field_id=&#8221;Email&#8221; field_title=&#8221;E-mail&#8221; field_type=&#8221;email&#8221; _builder_version=&#8221;3.0.90&#8243; border_radii=&#8221;on||||&#8221;][\/et_pb_contact_field][et_pb_contact_field field_id=&#8221;Message&#8221; field_title=&#8221;Wiadomo\u015b\u0107&#8221; field_type=&#8221;text&#8221; fullwidth_field=&#8221;on&#8221; _builder_version=&#8221;3.0.47&#8243; border_radii=&#8221;on||||&#8221;][\/et_pb_contact_field][\/et_pb_contact_form][\/et_pb_column][\/et_pb_row][\/et_pb_section][et_pb_section fb_built=&#8221;1&#8243; fullwidth=&#8221;on&#8221; _builder_version=&#8221;3.0.91&#8243; global_module=&#8221;3672&#8243; saved_tabs=&#8221;all&#8221;][et_pb_fullwidth_map address=&#8221;Ba\u0142tycka 101, 76-107 Jaros\u0142awiec, Polska&#8221; zoom_level=&#8221;15&#8243; address_lat=&#8221;54.539616125254&#8243; address_lng=&#8221;16.536590333313&#8243; mouse_wheel=&#8221;off&#8221; use_grayscale_filter=&#8221;on&#8221; grayscale_filter_amount=&#8221;36&#8243; _builder_version=&#8221;3.0.105&#8243; background_color=&#8221;#f9f9f9&#8243; child_filter_saturate=&#8221;64%&#8221; animation_style=&#8221;fade&#8221; animation_duration=&#8221;1600ms&#8221; animation_delay=&#8221;300ms&#8221;][et_pb_map_pin title=&#8221;O\u015brodek Wczasowo-Kolonijny BARKA&#8221; pin_address=&#8221;Ba\u0142tycka 67, 76-107 Jaros\u0142awiec, Polska&#8221; pin_address_lat=&#8221;54.5397447&#8243; pin_address_lng=&#8221;16.5400352&#8243; _builder_version=&#8221;3.0.105&#8243;]<\/p>\n<p style=\"text-align: center;\">Stefan Kwiatkowski<br \/> ul Ba\u0142tycka 67,\u00a076-107 Jaros\u0142awiec<\/p>\n<p>[\/et_pb_map_pin][\/et_pb_fullwidth_map][\/et_pb_section][et_pb_section fb_built=&#8221;1&#8243; background_color=&#8221;#0c71c3&#8243; _builder_version=&#8221;3.0.105&#8243; global_module=&#8221;3996&#8243;][et_pb_row _builder_version=&#8221;3.0.105&#8243;][et_pb_column type=&#8221;1_3&#8243; _builder_version=&#8221;3.0.47&#8243; parallax=&#8221;off&#8221; parallax_method=&#8221;on&#8221;][et_pb_text background_layout=&#8221;dark&#8221; _builder_version=&#8221;3.0.105&#8243; text_font=&#8221;|300|||||||&#8221; text_font_size=&#8221;13px&#8221; text_line_height=&#8221;1.6em&#8221; border_width_right=&#8221;1px&#8221; border_color_right=&#8221;#3683c1&#8243;]<\/p>\n<p>O\u015brodek Wczasowo-Kolonijny BARKA<br \/> Stefan Kwiatkowski<br \/> ul. Ba\u0142tycka 67<br \/> 76-107 Jaros\u0142awiec<\/p>\n<p>[\/et_pb_text][\/et_pb_column][et_pb_column type=&#8221;1_3&#8243; _builder_version=&#8221;3.0.47&#8243; parallax=&#8221;off&#8221; parallax_method=&#8221;on&#8221;][et_pb_text background_layout=&#8221;dark&#8221; _builder_version=&#8221;3.0.105&#8243; text_font=&#8221;|300|||||||&#8221; text_font_size=&#8221;13px&#8221; text_line_height=&#8221;1.6em&#8221; link_text_color=&#8221;#efefef&#8221; border_width_right=&#8221;1px&#8221; border_color_right=&#8221;#3683c1&#8243;]<\/p>\n<p>tel: <a href=\"tel:+48600433614\">(+48) 600 433 614<\/a><br \/> email: <a href=\"mailto:owr.barka.jaroslawiec@gmail.com\">owr.barka.jaroslawiec@gmail.com<\/a><br \/> <a href=\"http:\/\/www.barka-jaroslawiec.pl\">www.barka-jaroslawiec.pl<\/a><\/p>\n<p>[\/et_pb_text][\/et_pb_column][et_pb_column type=&#8221;1_3&#8243; _builder_version=&#8221;3.0.47&#8243; parallax=&#8221;off&#8221; parallax_method=&#8221;on&#8221;][et_pb_social_media_follow url_new_window=&#8221;off&#8221; _builder_version=&#8221;3.0.105&#8243;][et_pb_social_media_follow_network social_network=&#8221;facebook&#8221; url=&#8221;https:\/\/www.facebook.com\/BARKA-Jaros\u0142awiec-O\u015brodek-Wczasowo-Kolonijny-558438481190042&#8243; _builder_version=&#8221;3.0.105&#8243; background_color=&#8221;#3b5998&#8243; follow_button=&#8221;off&#8221; url_new_window=&#8221;off&#8221;] Facebook [\/et_pb_social_media_follow_network][\/et_pb_social_media_follow][\/et_pb_column][\/et_pb_row][\/et_pb_section]<\/p>\n","protected":false},"excerpt":{"rendered":"<p>&nbsp; O\u015brodek Wczasowo &#8211; Kolonijny BARKA Stefan Kwiatkowski ul. Ba\u0142tycka 67, 76-107 Jaros\u0142awiec tel. 600 433 614 Formularz kontaktowy Stefan Kwiatkowski ul Ba\u0142tycka 67,\u00a076-107 Jaros\u0142awiecO\u015brodek Wczasowo-Kolonijny BARKA Stefan Kwiatkowski ul. Ba\u0142tycka 67 76-107 Jaros\u0142awiectel: (+48) 600 433 614 email: owr.barka.jaroslawiec@gmail.com www.barka-jaroslawiec.pl<\/p>\n","protected":false},"author":1,"featured_media":0,"parent":0,"menu_order":0,"comment_status":"closed","ping_status":"closed","template":"","meta":{"_et_pb_use_builder":"on","_et_pb_old_content":"","_et_gb_content_width":"","footnotes":""},"class_list":["post-3465","page","type-page","status-publish","hentry"],"_links":{"self":[{"href":"https:\/\/lososiowa3.pl\/index.php\/wp-json\/wp\/v2\/pages\/3465","targetHints":{"allow":["GET"]}}],"collection":[{"href":"https:\/\/lososiowa3.pl\/index.php\/wp-json\/wp\/v2\/pages"}],"about":[{"href":"https:\/\/lososiowa3.pl\/index.php\/wp-json\/wp\/v2\/types\/page"}],"author":[{"embeddable":true,"href":"https:\/\/lososiowa3.pl\/index.php\/wp-json\/wp\/v2\/users\/1"}],"replies":[{"embeddable":true,"href":"https:\/\/lososiowa3.pl\/index.php\/wp-json\/wp\/v2\/comments?post=3465"}],"version-history":[{"count":11,"href":"https:\/\/lososiowa3.pl\/index.php\/wp-json\/wp\/v2\/pages\/3465\/revisions"}],"predecessor-version":[{"id":4082,"href":"https:\/\/lososiowa3.pl\/index.php\/wp-json\/wp\/v2\/pages\/3465\/revisions\/4082"}],"wp:attachment":[{"href":"https:\/\/lososiowa3.pl\/index.php\/wp-json\/wp\/v2\/media?parent=3465"}],"curies":[{"name":"wp","href":"https:\/\/api.w.org\/{rel}","templated":true}]}}